{"id":21,"date":"2020-12-08T03:53:12","date_gmt":"2020-12-08T03:53:12","guid":{"rendered":"https:\/\/gaviaspreview.com\/wp\/zilom\/?page_id=21"},"modified":"2023-06-18T23:15:53","modified_gmt":"2023-06-18T23:15:53","slug":"about","status":"publish","type":"page","link":"https:\/\/scholastic.sk\/index.php\/about\/","title":{"rendered":"O n\u00e1s"},"content":{"rendered":"\t\t<div data-elementor-type=\"wp-page\" data-elementor-id=\"21\" class=\"elementor elementor-21\">\n\t\t\t\t\t\t\t\t\t<section class=\"elementor-section elementor-top-section elementor-element elementor-element-cfe9709 elementor-section-boxed elementor-section-height-default elementor-section-height-default row-top\" data-id=\"cfe9709\" data-element_type=\"section\">\n\t\t\t\t\t\t<div class=\"elementor-container elementor-column-gap-default\">\n\t\t\t\t\t<div class=\"elementor-column elementor-col-50 elementor-top-column elementor-element elementor-element-bdc7059 column-style-top\" data-id=\"bdc7059\" data-element_type=\"column\">\n\t\t\t<div class=\"elementor-widget-wrap elementor-element-populated\">\n\t\t\t\t\t\t\t\t<div class=\"elementor-element elementor-element-0c16406 elementor-widget elementor-widget-image\" data-id=\"0c16406\" data-element_type=\"widget\" data-widget_type=\"image.default\">\n\t\t\t\t<div class=\"elementor-widget-container\">\n\t\t\t<style>\/*! elementor - v3.13.3 - 28-05-2023 *\/\n.elementor-widget-image{text-align:center}.elementor-widget-image a{display:inline-block}.elementor-widget-image a img[src$=\".svg\"]{width:48px}.elementor-widget-image img{vertical-align:middle;display:inline-block}<\/style>\t\t\t\t\t\t\t\t\t\t\t\t<img loading=\"lazy\" decoding=\"async\" width=\"760\" height=\"395\" src=\"https:\/\/scholastic.sk\/wp-content\/uploads\/2021\/06\/image-9.jpg\" class=\"attachment-full size-full wp-image-976\" alt=\"\" srcset=\"https:\/\/scholastic.sk\/wp-content\/uploads\/2021\/06\/image-9.jpg 760w, https:\/\/scholastic.sk\/wp-content\/uploads\/2021\/06\/image-9-600x312.jpg 600w\" sizes=\"auto, (max-width: 760px) 100vw, 760px\" \/>\t\t\t\t\t\t\t\t\t\t\t\t\t\t\t<\/div>\n\t\t\t\t<\/div>\n\t\t\t\t\t<\/div>\n\t\t<\/div>\n\t\t\t\t<div class=\"elementor-column elementor-col-50 elementor-top-column elementor-element elementor-element-b600727 column-style-top\" data-id=\"b600727\" data-element_type=\"column\">\n\t\t\t<div class=\"elementor-widget-wrap elementor-element-populated\">\n\t\t\t\t\t\t\t\t<div class=\"elementor-element elementor-element-79fb8c8 elementor-widget elementor-widget-image\" data-id=\"79fb8c8\" data-element_type=\"widget\" data-widget_type=\"image.default\">\n\t\t\t\t<div class=\"elementor-widget-container\">\n\t\t\t\t\t\t\t\t\t\t\t\t\t\t\t<img loading=\"lazy\" decoding=\"async\" width=\"760\" height=\"395\" src=\"https:\/\/scholastic.sk\/wp-content\/uploads\/2021\/06\/image-10.jpg\" class=\"attachment-full size-full wp-image-975\" alt=\"\" srcset=\"https:\/\/scholastic.sk\/wp-content\/uploads\/2021\/06\/image-10.jpg 760w, https:\/\/scholastic.sk\/wp-content\/uploads\/2021\/06\/image-10-600x312.jpg 600w\" sizes=\"auto, (max-width: 760px) 100vw, 760px\" \/>\t\t\t\t\t\t\t\t\t\t\t\t\t\t\t<\/div>\n\t\t\t\t<\/div>\n\t\t\t\t\t<\/div>\n\t\t<\/div>\n\t\t\t\t\t\t\t<\/div>\n\t\t<\/section>\n\t\t\t\t<section class=\"elementor-section elementor-top-section elementor-element elementor-element-cd20180 elementor-section-boxed elementor-section-height-default elementor-section-height-default row-top\" data-id=\"cd20180\" data-element_type=\"section\">\n\t\t\t\t\t\t<div class=\"elementor-container elementor-column-gap-default\">\n\t\t\t\t\t<div class=\"elementor-column elementor-col-50 elementor-top-column elementor-element elementor-element-112e054 column-style-top\" data-id=\"112e054\" data-element_type=\"column\">\n\t\t\t<div class=\"elementor-widget-wrap elementor-element-populated\">\n\t\t\t\t\t\t\t\t<div class=\"elementor-element elementor-element-2ee190e elementor-widget elementor-widget-gva-heading-block\" data-id=\"2ee190e\" data-element_type=\"widget\" data-widget_type=\"gva-heading-block.default\">\n\t\t\t\t<div class=\"elementor-widget-container\">\n\t\t\t<div class=\"gva-element-gva-heading-block gva-element\">   <div class=\"align-left style-1 widget gsc-heading box-align-left auto-responsive\">\r\n      <div class=\"content-inner\">\r\n         \r\n                  \r\n                     <div class=\"sub-title\"><span>O n\u00e1s<\/span><\/div>\r\n           \r\n         \r\n                     <h2 class=\"title\">\r\n               <span>Najlep\u0161\u00ed v okol\u00ed<\/span>\r\n            <\/h2>\r\n                  \r\n         \r\n      <\/div>\r\n   <\/div>\r\n<\/div>\t\t<\/div>\n\t\t\t\t<\/div>\n\t\t\t\t\t<\/div>\n\t\t<\/div>\n\t\t\t\t<div class=\"elementor-column elementor-col-50 elementor-top-column elementor-element elementor-element-4be8df2 column-style-top\" data-id=\"4be8df2\" data-element_type=\"column\">\n\t\t\t<div class=\"elementor-widget-wrap elementor-element-populated\">\n\t\t\t\t\t\t\t\t<div class=\"elementor-element elementor-element-167196e elementor-widget elementor-widget-text-editor\" data-id=\"167196e\" data-element_type=\"widget\" data-widget_type=\"text-editor.default\">\n\t\t\t\t<div class=\"elementor-widget-container\">\n\t\t\t<style>\/*! elementor - v3.13.3 - 28-05-2023 *\/\n.elementor-widget-text-editor.elementor-drop-cap-view-stacked .elementor-drop-cap{background-color:#69727d;color:#fff}.elementor-widget-text-editor.elementor-drop-cap-view-framed .elementor-drop-cap{color:#69727d;border:3px solid;background-color:transparent}.elementor-widget-text-editor:not(.elementor-drop-cap-view-default) .elementor-drop-cap{margin-top:8px}.elementor-widget-text-editor:not(.elementor-drop-cap-view-default) .elementor-drop-cap-letter{width:1em;height:1em}.elementor-widget-text-editor .elementor-drop-cap{float:left;text-align:center;line-height:1;font-size:50px}.elementor-widget-text-editor .elementor-drop-cap-letter{display:inline-block}<\/style>\t\t\t\t<p>Vitajte na webovej str\u00e1nke Scholastic, l\u00eddra v oblasti poskytovania \u0161kolen\u00ed a vzdel\u00e1vania. Sme zameran\u00ed na realiz\u00e1ciu projektov, ktor\u00e9 sa venuj\u00fa r\u00f4znym t\u00e9mam a oblastiam \u0161kolenia. Projekt Scholastic je v\u00fdu\u010dbov\u00fd program na\u0161ej spolo\u010dnosti Secom Analytics s.r.o., Trnava.<\/p><p>\u00a0<\/p><p>Na\u0161a spolo\u010dnos\u0165 pon\u00faka kvalitn\u00e9 a prisp\u00f4soben\u00e9 \u0161koliace programy, ktor\u00e9 uspokoja potreby na\u0161ich klientov. Na\u0161\u00edm hlavn\u00fdm cie\u013eom je zabezpe\u010di\u0165, aby \u00fa\u010dastn\u00edci z\u00edskali u\u017eito\u010dn\u00e9 vedomosti a zru\u010dnosti, ktor\u00e9 im pom\u00f4\u017eu \u010deli\u0165 v\u00fdzvam v ich pracovnom prostred\u00ed.<\/p><p>\u00a0<\/p><p>\u0160kolenia, ktor\u00e9 poskytujeme, s\u00fa navrhnut\u00e9 odborn\u00edkmi s bohat\u00fdmi sk\u00fasenos\u0165ami v dan\u00fdch oblastiach. Zameriavame sa na r\u00f4zne tematick\u00e9 oblasti, ako je \u017eivotn\u00e9 prostredie, ekologick\u00e1 doprava, bezpe\u010dnos\u0165 pri pr\u00e1ci, pr\u00e1vne aspekty podnikania, kybernetick\u00e1 bezpe\u010dnos\u0165 a pr\u00e1ca s d\u00e1tami.<\/p><p>\u00a0<\/p><p>Na\u0161e \u0161kolenia s\u00fa charakterizovan\u00e9 profesion\u00e1lnym pr\u00edstupom, interakt\u00edvnymi met\u00f3dami v\u00fdu\u010dby a praktick\u00fdmi cvi\u010deniami, ktor\u00e9 podporuj\u00fa akt\u00edvne zapojenie \u00fa\u010dastn\u00edkov. Sledujeme s\u00fa\u010dasn\u00e9 trendy vo vzdel\u00e1van\u00ed a vyu\u017e\u00edvame modern\u00e9 technol\u00f3gie, aby sme dosiahli najlep\u0161ie v\u00fdsledky.<\/p><p>\u00a0<\/p><p>Na\u0161\u00edm z\u00e1merom je poskytn\u00fa\u0165 kvalitn\u00e9 a relevantn\u00e9 \u0161kolenia, ktor\u00e9 zodpovedaj\u00fa potreb\u00e1m ka\u017edej organiz\u00e1cie. Sme oddan\u00ed posil\u0148ovaniu vedomost\u00ed a zru\u010dnost\u00ed \u00fa\u010dastn\u00edkov a prispievame k ich osobn\u00e9mu a profesijn\u00e9mu rozvoju.<\/p><p>\u00a0<\/p><p>Te\u0161\u00edme sa na to, \u017ee V\u00e1m m\u00f4\u017eeme pon\u00faknu\u0165 na\u0161e \u0161kolenia a pom\u00f4c\u0165 V\u00e1m s Va\u0161imi vzdel\u00e1vac\u00edmi potrebami. \u010eakujeme V\u00e1m za prejav z\u00e1ujmu o projekt Scholastic!<\/p>\t\t\t\t\t\t<\/div>\n\t\t\t\t<\/div>\n\t\t\t\t\t<\/div>\n\t\t<\/div>\n\t\t\t\t\t\t\t<\/div>\n\t\t<\/section>\n\t\t\t\t<section class=\"elementor-section elementor-top-section elementor-element elementor-element-5694dd8 bg-row-theme elementor-section-boxed elementor-section-height-default elementor-section-height-default row-top\" data-id=\"5694dd8\" data-element_type=\"section\" data-settings=\"{&quot;background_background&quot;:&quot;classic&quot;}\">\n\t\t\t\t\t\t<div class=\"elementor-container elementor-column-gap-default\">\n\t\t\t\t\t<div class=\"elementor-column elementor-col-50 elementor-top-column elementor-element elementor-element-b6f4a6d column-style-top\" data-id=\"b6f4a6d\" data-element_type=\"column\">\n\t\t\t<div class=\"elementor-widget-wrap elementor-element-populated\">\n\t\t\t\t\t\t\t\t<div class=\"elementor-element elementor-element-b0f266a elementor-widget elementor-widget-gva-heading-block\" data-id=\"b0f266a\" data-element_type=\"widget\" data-widget_type=\"gva-heading-block.default\">\n\t\t\t\t<div class=\"elementor-widget-container\">\n\t\t\t<div class=\"gva-element-gva-heading-block gva-element\">   <div class=\"align-left style-1 widget gsc-heading box-align-left auto-responsive\">\r\n      <div class=\"content-inner\">\r\n         \r\n                  \r\n           \r\n         \r\n                     <h2 class=\"title\">\r\n               <span>Odoberaj novinky ktor\u00e9 \u0165a posun\u00fa vpred<\/span>\r\n            <\/h2>\r\n                  \r\n         \r\n      <\/div>\r\n   <\/div>\r\n<\/div>\t\t<\/div>\n\t\t\t\t<\/div>\n\t\t\t\t\t<\/div>\n\t\t<\/div>\n\t\t\t\t<div class=\"elementor-column elementor-col-50 elementor-top-column elementor-element elementor-element-5e0804b column-style-top\" data-id=\"5e0804b\" data-element_type=\"column\">\n\t\t\t<div class=\"elementor-widget-wrap elementor-element-populated\">\n\t\t\t\t\t\t\t\t<div class=\"elementor-element elementor-element-69ebe10 elementor-widget elementor-widget-shortcode\" data-id=\"69ebe10\" data-element_type=\"widget\" data-widget_type=\"shortcode.default\">\n\t\t\t\t<div class=\"elementor-widget-container\">\n\t\t\t\t\t<div class=\"elementor-shortcode\"><script>(function() {\n\twindow.mc4wp = window.mc4wp || {\n\t\tlisteners: [],\n\t\tforms: {\n\t\t\ton: function(evt, cb) {\n\t\t\t\twindow.mc4wp.listeners.push(\n\t\t\t\t\t{\n\t\t\t\t\t\tevent   : evt,\n\t\t\t\t\t\tcallback: cb\n\t\t\t\t\t}\n\t\t\t\t);\n\t\t\t}\n\t\t}\n\t}\n})();\n<\/script><!-- Mailchimp for WordPress v4.9.5 - https:\/\/wordpress.org\/plugins\/mailchimp-for-wp\/ --><form id=\"mc4wp-form-1\" class=\"mc4wp-form mc4wp-form-199\" method=\"post\" data-id=\"199\" data-name=\"Newsletter\" ><div class=\"mc4wp-form-fields\"><div class=\"newsletter-form\">\n <div class=\"content-form\">\n    <input type=\"email\" name=\"EMAIL\" placeholder=\"Enter your email\" required \/>\n    <span class=\"form-action\">\n       <i class=\"fas fa-paper-plane\"><\/i>\n       <input class=\"newsletter-submit\" type=\"submit\" value=\"Send\" \/>\n    <\/span>\n <\/div>\n<\/div><\/div><label style=\"display: none !important;\">Leave this field empty if you're human: <input type=\"text\" name=\"_mc4wp_honeypot\" value=\"\" tabindex=\"-1\" autocomplete=\"off\" \/><\/label><input type=\"hidden\" name=\"_mc4wp_timestamp\" value=\"1776770055\" \/><input type=\"hidden\" name=\"_mc4wp_form_id\" value=\"199\" \/><input type=\"hidden\" name=\"_mc4wp_form_element_id\" value=\"mc4wp-form-1\" \/><div class=\"mc4wp-response\"><\/div><\/form><!-- \/ Mailchimp for WordPress Plugin --><\/div>\n\t\t\t\t<\/div>\n\t\t\t\t<\/div>\n\t\t\t\t<div class=\"elementor-element elementor-element-737f248 elementor-position-left icon-box-left elementor-view-default elementor-mobile-position-top elementor-vertical-align-top elementor-widget elementor-widget-icon-box\" data-id=\"737f248\" data-element_type=\"widget\" data-widget_type=\"icon-box.default\">\n\t\t\t\t<div class=\"elementor-widget-container\">\n\t\t\t<link rel=\"stylesheet\" href=\"https:\/\/scholastic.sk\/wp-content\/plugins\/elementor\/assets\/css\/widget-icon-box.min.css\">\t\t<div class=\"elementor-icon-box-wrapper\">\n\t\t\t\t\t\t<div class=\"elementor-icon-box-icon\">\n\t\t\t\t<span class=\"elementor-icon elementor-animation-\" >\n\t\t\t\t<i aria-hidden=\"true\" class=\" flaticon-mail-send\"><\/i>\t\t\t\t<\/span>\n\t\t\t<\/div>\n\t\t\t\t\t\t<div class=\"elementor-icon-box-content\">\n\t\t\t\t<h3 class=\"elementor-icon-box-title\">\n\t\t\t\t\t<span  >\n\t\t\t\t\t\tPrihl\u00e1s sa na t\u00fd\u017edenn\u00e9 novinky\t\t\t\t\t<\/span>\n\t\t\t\t<\/h3>\n\t\t\t\t\t\t\t<\/div>\n\t\t<\/div>\n\t\t\t\t<\/div>\n\t\t\t\t<\/div>\n\t\t\t\t\t<\/div>\n\t\t<\/div>\n\t\t\t\t\t\t\t<\/div>\n\t\t<\/section>\n\t\t\t\t\t\t\t<\/div>\n\t\t","protected":false},"excerpt":{"rendered":"<p>O n\u00e1s Najlep\u0161\u00ed v okol\u00ed Vitajte na webovej str\u00e1nke Scholastic, l\u00eddra v oblasti poskytovania \u0161kolen\u00ed a vzdel\u00e1vania. Sme zameran\u00ed na realiz\u00e1ciu projektov, ktor\u00e9 sa venuj\u00fa r\u00f4znym t\u00e9mam a oblastiam \u0161kolenia. [&hellip;]<\/p>\n","protected":false},"author":1,"featured_media":0,"parent":0,"menu_order":0,"comment_status":"closed","ping_status":"closed","template":"","meta":{"footnotes":""},"class_list":["post-21","page","type-page","status-publish","hentry"],"_links":{"self":[{"href":"https:\/\/scholastic.sk\/index.php\/wp-json\/wp\/v2\/pages\/21","targetHints":{"allow":["GET"]}}],"collection":[{"href":"https:\/\/scholastic.sk\/index.php\/wp-json\/wp\/v2\/pages"}],"about":[{"href":"https:\/\/scholastic.sk\/index.php\/wp-json\/wp\/v2\/types\/page"}],"author":[{"embeddable":true,"href":"https:\/\/scholastic.sk\/index.php\/wp-json\/wp\/v2\/users\/1"}],"replies":[{"embeddable":true,"href":"https:\/\/scholastic.sk\/index.php\/wp-json\/wp\/v2\/comments?post=21"}],"version-history":[{"count":9,"href":"https:\/\/scholastic.sk\/index.php\/wp-json\/wp\/v2\/pages\/21\/revisions"}],"predecessor-version":[{"id":1574,"href":"https:\/\/scholastic.sk\/index.php\/wp-json\/wp\/v2\/pages\/21\/revisions\/1574"}],"wp:attachment":[{"href":"https:\/\/scholastic.sk\/index.php\/wp-json\/wp\/v2\/media?parent=21"}],"curies":[{"name":"wp","href":"https:\/\/api.w.org\/{rel}","templated":true}]}}