{"id":1343,"date":"2023-06-12T09:15:06","date_gmt":"2023-06-12T09:15:06","guid":{"rendered":"https:\/\/scholastic.sk\/?post_type=product&#038;p=1343"},"modified":"2023-06-12T09:15:06","modified_gmt":"2023-06-12T09:15:06","slug":"zaklady-zivotneho-prostredia-pre-deti","status":"publish","type":"product","link":"https:\/\/scholastic.sk\/index.php\/produkt\/zaklady-zivotneho-prostredia-pre-deti\/","title":{"rendered":"Z\u00e1klady \u017eivotn\u00e9ho prostredia pre deti"},"content":{"rendered":"","protected":false},"excerpt":{"rendered":"","protected":false},"featured_media":0,"comment_status":"open","ping_status":"closed","template":"","meta":[],"product_cat":[45],"product_tag":[],"class_list":["post-1343","product","type-product","status-publish","hentry","product_cat-nezaradene"],"_links":{"self":[{"href":"https:\/\/scholastic.sk\/index.php\/wp-json\/wp\/v2\/product\/1343","targetHints":{"allow":["GET"]}}],"collection":[{"href":"https:\/\/scholastic.sk\/index.php\/wp-json\/wp\/v2\/product"}],"about":[{"href":"https:\/\/scholastic.sk\/index.php\/wp-json\/wp\/v2\/types\/product"}],"replies":[{"embeddable":true,"href":"https:\/\/scholastic.sk\/index.php\/wp-json\/wp\/v2\/comments?post=1343"}],"wp:attachment":[{"href":"https:\/\/scholastic.sk\/index.php\/wp-json\/wp\/v2\/media?parent=1343"}],"wp:term":[{"taxonomy":"product_cat","embeddable":true,"href":"https:\/\/scholastic.sk\/index.php\/wp-json\/wp\/v2\/product_cat?post=1343"},{"taxonomy":"product_tag","embeddable":true,"href":"https:\/\/scholastic.sk\/index.php\/wp-json\/wp\/v2\/product_tag?post=1343"}],"curies":[{"name":"wp","href":"https:\/\/api.w.org\/{rel}","templated":true}]}}