{"id":1385,"date":"2023-06-12T10:21:52","date_gmt":"2023-06-12T10:21:52","guid":{"rendered":"https:\/\/scholastic.sk\/?post_type=product&#038;p=1385"},"modified":"2023-06-12T10:21:53","modified_gmt":"2023-06-12T10:21:53","slug":"pracovny-cas-a-jeho-vyznam","status":"publish","type":"product","link":"https:\/\/scholastic.sk\/index.php\/produkt\/pracovny-cas-a-jeho-vyznam\/","title":{"rendered":"Pracovn\u00fd \u010das a jeho v\u00fdznam"},"content":{"rendered":"","protected":false},"excerpt":{"rendered":"","protected":false},"featured_media":0,"comment_status":"open","ping_status":"closed","template":"","meta":[],"product_cat":[45],"product_tag":[],"class_list":["post-1385","product","type-product","status-publish","hentry","product_cat-nezaradene"],"_links":{"self":[{"href":"https:\/\/scholastic.sk\/index.php\/wp-json\/wp\/v2\/product\/1385","targetHints":{"allow":["GET"]}}],"collection":[{"href":"https:\/\/scholastic.sk\/index.php\/wp-json\/wp\/v2\/product"}],"about":[{"href":"https:\/\/scholastic.sk\/index.php\/wp-json\/wp\/v2\/types\/product"}],"replies":[{"embeddable":true,"href":"https:\/\/scholastic.sk\/index.php\/wp-json\/wp\/v2\/comments?post=1385"}],"wp:attachment":[{"href":"https:\/\/scholastic.sk\/index.php\/wp-json\/wp\/v2\/media?parent=1385"}],"wp:term":[{"taxonomy":"product_cat","embeddable":true,"href":"https:\/\/scholastic.sk\/index.php\/wp-json\/wp\/v2\/product_cat?post=1385"},{"taxonomy":"product_tag","embeddable":true,"href":"https:\/\/scholastic.sk\/index.php\/wp-json\/wp\/v2\/product_tag?post=1385"}],"curies":[{"name":"wp","href":"https:\/\/api.w.org\/{rel}","templated":true}]}}