{"id":1465,"date":"2023-06-18T20:19:03","date_gmt":"2023-06-18T20:19:03","guid":{"rendered":"https:\/\/scholastic.sk\/?post_type=product&#038;p=1465"},"modified":"2023-06-18T20:19:03","modified_gmt":"2023-06-18T20:19:03","slug":"ochrana-prav-dusevneho-vlastnictva","status":"publish","type":"product","link":"https:\/\/scholastic.sk\/index.php\/produkt\/ochrana-prav-dusevneho-vlastnictva\/","title":{"rendered":"Ochrana pr\u00e1v du\u0161evn\u00e9ho vlastn\u00edctva"},"content":{"rendered":"","protected":false},"excerpt":{"rendered":"","protected":false},"featured_media":0,"comment_status":"open","ping_status":"closed","template":"","meta":[],"product_cat":[45],"product_tag":[],"class_list":["post-1465","product","type-product","status-publish","hentry","product_cat-nezaradene"],"_links":{"self":[{"href":"https:\/\/scholastic.sk\/index.php\/wp-json\/wp\/v2\/product\/1465","targetHints":{"allow":["GET"]}}],"collection":[{"href":"https:\/\/scholastic.sk\/index.php\/wp-json\/wp\/v2\/product"}],"about":[{"href":"https:\/\/scholastic.sk\/index.php\/wp-json\/wp\/v2\/types\/product"}],"replies":[{"embeddable":true,"href":"https:\/\/scholastic.sk\/index.php\/wp-json\/wp\/v2\/comments?post=1465"}],"wp:attachment":[{"href":"https:\/\/scholastic.sk\/index.php\/wp-json\/wp\/v2\/media?parent=1465"}],"wp:term":[{"taxonomy":"product_cat","embeddable":true,"href":"https:\/\/scholastic.sk\/index.php\/wp-json\/wp\/v2\/product_cat?post=1465"},{"taxonomy":"product_tag","embeddable":true,"href":"https:\/\/scholastic.sk\/index.php\/wp-json\/wp\/v2\/product_tag?post=1465"}],"curies":[{"name":"wp","href":"https:\/\/api.w.org\/{rel}","templated":true}]}}