{"id":1475,"date":"2023-06-18T20:26:44","date_gmt":"2023-06-18T20:26:44","guid":{"rendered":"https:\/\/scholastic.sk\/?post_type=product&#038;p=1475"},"modified":"2023-06-18T20:26:44","modified_gmt":"2023-06-18T20:26:44","slug":"zaklady-uctovnictva","status":"publish","type":"product","link":"https:\/\/scholastic.sk\/index.php\/produkt\/zaklady-uctovnictva\/","title":{"rendered":"Z\u00e1klady \u00fa\u010dtovn\u00edctva"},"content":{"rendered":"","protected":false},"excerpt":{"rendered":"","protected":false},"featured_media":0,"comment_status":"open","ping_status":"closed","template":"","meta":[],"product_cat":[45],"product_tag":[],"class_list":["post-1475","product","type-product","status-publish","hentry","product_cat-nezaradene"],"_links":{"self":[{"href":"https:\/\/scholastic.sk\/index.php\/wp-json\/wp\/v2\/product\/1475","targetHints":{"allow":["GET"]}}],"collection":[{"href":"https:\/\/scholastic.sk\/index.php\/wp-json\/wp\/v2\/product"}],"about":[{"href":"https:\/\/scholastic.sk\/index.php\/wp-json\/wp\/v2\/types\/product"}],"replies":[{"embeddable":true,"href":"https:\/\/scholastic.sk\/index.php\/wp-json\/wp\/v2\/comments?post=1475"}],"wp:attachment":[{"href":"https:\/\/scholastic.sk\/index.php\/wp-json\/wp\/v2\/media?parent=1475"}],"wp:term":[{"taxonomy":"product_cat","embeddable":true,"href":"https:\/\/scholastic.sk\/index.php\/wp-json\/wp\/v2\/product_cat?post=1475"},{"taxonomy":"product_tag","embeddable":true,"href":"https:\/\/scholastic.sk\/index.php\/wp-json\/wp\/v2\/product_tag?post=1475"}],"curies":[{"name":"wp","href":"https:\/\/api.w.org\/{rel}","templated":true}]}}