{"id":1553,"date":"2023-06-18T22:47:57","date_gmt":"2023-06-18T22:47:57","guid":{"rendered":"https:\/\/scholastic.sk\/?post_type=product&#038;p=1553"},"modified":"2023-06-18T22:47:57","modified_gmt":"2023-06-18T22:47:57","slug":"zaklady-utajovania-informacii","status":"publish","type":"product","link":"https:\/\/scholastic.sk\/index.php\/produkt\/zaklady-utajovania-informacii\/","title":{"rendered":"Z\u00e1klady utajovania inform\u00e1ci\u00ed"},"content":{"rendered":"","protected":false},"excerpt":{"rendered":"","protected":false},"featured_media":0,"comment_status":"open","ping_status":"closed","template":"","meta":[],"product_cat":[45],"product_tag":[],"class_list":["post-1553","product","type-product","status-publish","hentry","product_cat-nezaradene"],"_links":{"self":[{"href":"https:\/\/scholastic.sk\/index.php\/wp-json\/wp\/v2\/product\/1553","targetHints":{"allow":["GET"]}}],"collection":[{"href":"https:\/\/scholastic.sk\/index.php\/wp-json\/wp\/v2\/product"}],"about":[{"href":"https:\/\/scholastic.sk\/index.php\/wp-json\/wp\/v2\/types\/product"}],"replies":[{"embeddable":true,"href":"https:\/\/scholastic.sk\/index.php\/wp-json\/wp\/v2\/comments?post=1553"}],"wp:attachment":[{"href":"https:\/\/scholastic.sk\/index.php\/wp-json\/wp\/v2\/media?parent=1553"}],"wp:term":[{"taxonomy":"product_cat","embeddable":true,"href":"https:\/\/scholastic.sk\/index.php\/wp-json\/wp\/v2\/product_cat?post=1553"},{"taxonomy":"product_tag","embeddable":true,"href":"https:\/\/scholastic.sk\/index.php\/wp-json\/wp\/v2\/product_tag?post=1553"}],"curies":[{"name":"wp","href":"https:\/\/api.w.org\/{rel}","templated":true}]}}